{"id":1061,"date":"2025-01-20T20:32:19","date_gmt":"2025-01-20T20:32:19","guid":{"rendered":"https:\/\/originalseamoss.be\/product\/mousse-de-mer-sechee-100-gr\/"},"modified":"2026-04-03T09:12:11","modified_gmt":"2026-04-03T09:12:11","slug":"mousse-de-mer-sechee-100-gr","status":"publish","type":"product","link":"https:\/\/originalseamoss.be\/fr\/produit\/mousse-de-mer-sechee-100-gr\/","title":{"rendered":"Mousse de mer s\u00e9ch\u00e9e - 100 gr"},"content":{"rendered":"<p>[et_pb_section fb_built=\u00a0\u00bb1&Prime; _builder_version=\u00a0\u00bb4.16&Prime; custom_padding=\u00a0\u00bb0px||||false|false\u00a0\u00bb global_colors_info=\u00a0\u00bb{}\u00a0\u00bb][et_pb_row _builder_version=\u00a0\u00bb4.16&Prime; background_size=\u00a0\u00bbinitial\u00a0\u00bb background_position=\u00a0\u00bbtop_left\u00a0\u00bb background_repeat=\u00a0\u00bbrepeat\u00a0\u00bb width=\u00a0\u00bb100%\u00a0\u00bb custom_padding=\u00a0\u00bb0px||0px||false|false\u00a0\u00bb global_colors_info=\u00a0\u00bb{}\u00a0\u00bb][et_pb_column type=\u00a0\u00bb4_4&Prime; _builder_version=\u00a0\u00bb4.16&Prime; custom_padding=\u00a0\u00bb|||\u00a0\u00bb global_colors_info=\u00a0\u00bb{}\u00a0\u00bb custom_padding__hover=\u00a0\u00bb|||\u00a0\u00bb][et_pb_wc_cart_notice _builder_version=\u00a0\u00bb4.27.4&Prime; title_text_color=\u00a0\u00bbgcid-668a0f42-5d76-4299-ae64-f0954e3471fa\u00a0\u00bb title_font_size=\u00a0\u00bb16px\u00a0\u00bb error_text_color=\u00a0\u00bb#D56839&Prime; error_font_size=\u00a0\u00bb16px\u00a0\u00bb content_text_color=\u00a0\u00bb#2C424E\u00a0\u00bb content_font_size=\u00a0\u00bb16px\u00a0\u00bb background_color=\u00a0\u00bb#eff5f6&Prime; custom_button=\u00a0\u00bbon\u00a0\u00bb button_text_size=\u00a0\u00bb14px\u00a0\u00bb button_text_color=\u00a0\u00bb#FFFFFF\u00a0\u00bb button_bg_color=\u00a0\u00bb#F0D7B8&Prime; button_border_width=\u00a0\u00bb0px\u00a0\u00bb button_border_radius=\u00a0\u00bb0px\u00a0\u00bb button_font=\u00a0\u00bb|600||on|||||\u00a0\u00bb button_custom_padding=\u00a0\u00bb10px|25px|10px|25px|true|true\u00a0\u00bb global_colors_info=\u00a0\u00bb{%22gcid-668a0f42-5d76-4299-ae64-f0954e3471fa%22:%91%22title_text_color%22%93}\u00a0\u00bb][\/et_pb_wc_cart_notice][\/et_pb_column][\/et_pb_row][et_pb_row column_structure=\u00a0\u00bb1_2,1_2&Prime; _builder_version=\u00a0\u00bb4.16&Prime; background_size=\u00a0\u00bbinitial\u00a0\u00bb background_position=\u00a0\u00bbtop_left\u00a0\u00bb background_repeat=\u00a0\u00bbrepeat\u00a0\u00bb width=\u00a0\u00bb100%\u00a0\u00bb custom_padding=\u00a0\u00bb0px||27px||false|false\u00a0\u00bb global_colors_info=\u00a0\u00bb{}\u00a0\u00bb][et_pb_column type=\u00a0\u00bb1_2&Prime; _builder_version=\u00a0\u00bb4.16&Prime; custom_padding=\u00a0\u00bb|||\u00a0\u00bb global_colors_info=\u00a0\u00bb{}\u00a0\u00bb custom_padding__hover=\u00a0\u00bb|||\u00a0\u00bb][et_pb_wc_images _builder_version=\u00a0\u00bb4.16&Prime; global_colors_info=\u00a0\u00bb{}\u00a0\u00bb][\/et_pb_wc_images][et_pb_wc_reviews show_avatar=\u00a0\u00bboff\u00a0\u00bb _builder_version=\u00a0\u00bb4.27.4&Prime; _module_preset=\u00a0\u00bbdefault\u00a0\u00bb form_field_background_color=\u00a0\u00bbgcid-668a0f42-5d76-4299-ae64-f0954e3471fa\u00a0\u00bb form_field_text_color=\u00a0\u00bb#2C424E\u00a0\u00bb form_field_focus_background_color=\u00a0\u00bb#FFFFFF\u00a0\u00bb form_field_focus_text_color=\u00a0\u00bb#2C424E\u00a0\u00bb header_font=\u00a0\u00bb||||||||\u00a0\u00bb header_text_color=\u00a0\u00bb#A6C8D0&Prime; title_font=\u00a0\u00bb||||||||\u00a0\u00bb title_text_color=\u00a0\u00bb#A6C8D0&Prime; rating_text_color=\u00a0\u00bb#A6C8D0&Prime; form_field_font=\u00a0\u00bb|300|||||||\u00a0\u00bb form_field_font_size=\u00a0\u00bb14px\u00a0\u00bb custom_button=\u00a0\u00bbon\u00a0\u00bb button_text_size=\u00a0\u00bb14px\u00a0\u00bb button_text_color=\u00a0\u00bb#FFFFFF\u00a0\u00bb button_bg_color=\u00a0\u00bb#F0D7B8&Prime; button_border_width=\u00a0\u00bb0px\u00a0\u00bb button_border_radius=\u00a0\u00bb0px\u00a0\u00bb button_letter_spacing=\u00a0\u00bb0px\u00a0\u00bb button_font=\u00a0\u00bb|600||on|||||\u00a0\u00bb button_icon_color=\u00a0\u00bb#FFFFFF\u00a0\u00bb button_alignment=\u00a0\u00bbright\u00a0\u00bb button_custom_padding=\u00a0\u00bb10px|25px|10px|25px|true|true\u00a0\u00bb global_colors_info=\u00a0\u00bb{%22gcid-668a0f42-5d76-4299-ae64-f0954e3471fa%22:%91%22form_field_background_color%22%93}\u00a0\u00bb][\/et_pb_wc_reviews][\/et_pb_column][et_pb_column type=\u00a0\u00bb1_2&Prime; _builder_version=\u00a0\u00bb4.16&Prime; custom_padding=\u00a0\u00bb|||\u00a0\u00bb global_colors_info=\u00a0\u00bb{}\u00a0\u00bb custom_padding__hover=\u00a0\u00bb|||\u00a0\u00bb][et_pb_wc_title _builder_version=\u00a0\u00bb4.27.4&Prime; header_font=\u00a0\u00bb|700||on|||||\u00a0\u00bb header_text_color=\u00a0\u00bb#A6C8D0&Prime; global_colors_info=\u00a0\u00bb{}\u00a0\u00bb][\/et_pb_wc_title][et_pb_wc_rating _builder_version=\u00a0\u00bb4.27.4&Prime; rating_text_color=\u00a0\u00bb#A6C8D0&Prime; body_text_color=\u00a0\u00bb#2C424E\u00a0\u00bb global_colors_info=\u00a0\u00bb{}\u00a0\u00bb][\/et_pb_wc_rating][et_pb_wc_price _builder_version=\u00a0\u00bb4.27.4&Prime; body_font=\u00a0\u00bb|700|||||||\u00a0\u00bb body_text_color=\u00a0\u00bb#A6C8D0&Prime; before_sale_price_text_color=\u00a0\u00bb#A6C8D0&Prime; sale_price_text_color=\u00a0\u00bb#2C424E\u00a0\u00bb global_colors_info=\u00a0\u00bb{}\u00a0\u00bb][\/et_pb_wc_price][et_pb_wc_description _builder_version=\u00a0\u00bb4.27.4&Prime; body_font=\u00a0\u00bb|300|||||||\u00a0\u00bb global_colors_info=\u00a0\u00bb{}\u00a0\u00bb][\/et_pb_wc_description][et_pb_wc_description description_type=\u00a0\u00bbdescription\u00a0\u00bb _builder_version=\u00a0\u00bb4.27.4&Prime; body_font=\u00a0\u00bb|300|||||||\u00a0\u00bb global_colors_info=\u00a0\u00bb{}\u00a0\u00bb][\/et_pb_wc_description][et_pb_wc_additional_info _builder_version=\u00a0\u00bb4.27.4&Prime; _module_preset=\u00a0\u00bbdefault\u00a0\u00bb table_cell_background_color=\u00a0\u00bbRGBA(255,255,255,0)\u00a0\u00bb header_text_color=\u00a0\u00bb#A6C8D0&Prime; attribute_text_color=\u00a0\u00bb#A6C8D0&Prime; background_color=\u00a0\u00bbRGBA(255,255,255,0)\u00a0\u00bb border_color_all_table=\u00a0\u00bbRGBA(255,255,255,0)\u00a0\u00bb border_style_all_table=\u00a0\u00bbsolid\u00a0\u00bb border_width_all_table_row=\u00a0\u00bb0px\u00a0\u00bb border_color_all_table_row=\u00a0\u00bbgcid-668a0f42-5d76-4299-ae64-f0954e3471fa\u00a0\u00bb border_color_bottom_table_row=\u00a0\u00bbRGBA(255,255,255,0)\u00a0\u00bb border_width_all_table_cell=\u00a0\u00bb0px\u00a0\u00bb border_color_all_table_cell=\u00a0\u00bbgcid-668a0f42-5d76-4299-ae64-f0954e3471fa\u00a0\u00bb border_width_bottom_table_cell=\u00a0\u00bb1px\u00a0\u00bb border_color_bottom_table_cell=\u00a0\u00bbgcid-668a0f42-5d76-4299-ae64-f0954e3471fa\u00a0\u00bb global_colors_info=\u00a0\u00bb{%22gcid-668a0f42-5d76-4299-ae64-f0954e3471fa%22:%91%22border_color_all_table_row%22,%22border_color_all_table_cell%22,%22border_color_bottom_table_cell%22%93}\u00a0\u00bb][\/et_pb_wc_additional_info][et_pb_wc_add_to_cart show_stock=\u00a0\u00bboff\u00a0\u00bb field_label_position=\u00a0\u00bbinline\u00a0\u00bb _builder_version=\u00a0\u00bb4.27.4&Prime; _module_preset=\u00a0\u00bbdefault\u00a0\u00bb fields_background_color=\u00a0\u00bbRGBA(255,255,255,0)\u00a0\u00bb fields_text_color=\u00a0\u00bb#A6C8D0&Prime; fields_focus_background_color=\u00a0\u00bbRGBA(255,255,255,0)\u00a0\u00bb fields_focus_text_color=\u00a0\u00bb#A6C8D0&Prime; dropdown_menus_text_color=\u00a0\u00bb#2C424E\u00a0\u00bb dropdown_menus_focus_background_color=\u00a0\u00bb#2C424E\u00a0\u00bb dropdown_menus_focus_text_color=\u00a0\u00bb#2C424E\u00a0\u00bb field_label_font=\u00a0\u00bb-et_global_body_font|300|||||||\u00a0\u00bb field_label_text_color=\u00a0\u00bb#2C424E\u00a0\u00bb fields_line_height=\u00a0\u00bb1.1em\u00a0\u00bb dropdown_menus_font_size=\u00a0\u00bb16px\u00a0\u00bb custom_button=\u00a0\u00bbon\u00a0\u00bb button_text_size=\u00a0\u00bb14px\u00a0\u00bb button_text_color=\u00a0\u00bb#FFFFFF\u00a0\u00bb button_bg_color=\u00a0\u00bb#F0D7B8&Prime; button_border_width=\u00a0\u00bb0px\u00a0\u00bb button_border_radius=\u00a0\u00bb0px\u00a0\u00bb button_font=\u00a0\u00bb|600||on|||||\u00a0\u00bb button_custom_padding=\u00a0\u00bb10px|25px|10px|25px|true|true\u00a0\u00bb border_radii_fields=\u00a0\u00bbon|0px|0px|0px|0px\u00a0\u00bb border_width_all_fields=\u00a0\u00bb1px\u00a0\u00bb border_color_all_fields=\u00a0\u00bbgcid-668a0f42-5d76-4299-ae64-f0954e3471fa\u00a0\u00bb border_color_all_dropdown_menus=\u00a0\u00bb#2C424E\u00a0\u00bb border_width_all_dropdown_menus_focus=\u00a0\u00bb1px\u00a0\u00bb border_color_all_dropdown_menus_focus=\u00a0\u00bbgcid-668a0f42-5d76-4299-ae64-f0954e3471fa\u00a0\u00bb global_colors_info=\u00a0\u00bb{%22gcid-668a0f42-5d76-4299-ae64-f0954e3471fa%22:%91%22border_color_all_dropdown_menus_focus%22,%22border_color_all_fields%22%93}\u00a0\u00bb][\/et_pb_wc_add_to_cart][\/et_pb_column][\/et_pb_row][\/et_pb_section]<\/p>\n","protected":false},"excerpt":{"rendered":"<p>Notre mousse de mer de qualit\u00e9 sup\u00e9rieure est import\u00e9e de Sainte-Lucie avec le plus grand soin.<br \/>\nIci, elle pousse dans les eaux pures de la mer des Cara\u00efbes et les mousses sont r\u00e9colt\u00e9es par des plongeurs locaux. <\/p>\n<p>Un produit 100% naturel.<\/p>\n<p>Gr\u00e2ce au livret de recettes que vous pouvez t\u00e9l\u00e9charger gratuitement apr\u00e8s l&rsquo;achat, vous pouvez fabriquer votre cr\u00e8me pour le visage ou votre masque capillaire en un rien de temps. C&rsquo;est aussi un plaisir de le faire avec les enfants. <\/p>\n","protected":false},"featured_media":518,"comment_status":"open","ping_status":"closed","template":"","meta":{"_et_pb_use_builder":"on","_et_pb_old_content":"<strong>Exp\u00e9dition :<\/strong>\nLivraison \u00e0 un point de collecte pr\u00e8s de chez vous dans les 5 jours suivant la commande. Livraison gratuite en Belgique pour les commandes sup\u00e9rieures \u00e0 40 euros. \n","_et_gb_content_width":""},"product_brand":[27],"product_cat":[53],"product_tag":[],"class_list":{"0":"post-1061","1":"product","2":"type-product","3":"status-publish","4":"has-post-thumbnail","6":"product_brand-original-sea-moss","7":"product_cat-mousse-de-mer","8":"product_shipping_class-100-gr-fr","10":"first","11":"instock","12":"taxable","13":"shipping-taxable","14":"purchasable","15":"product-type-simple"},"_links":{"self":[{"href":"https:\/\/originalseamoss.be\/fr\/wp-json\/wp\/v2\/product\/1061","targetHints":{"allow":["GET"]}}],"collection":[{"href":"https:\/\/originalseamoss.be\/fr\/wp-json\/wp\/v2\/product"}],"about":[{"href":"https:\/\/originalseamoss.be\/fr\/wp-json\/wp\/v2\/types\/product"}],"replies":[{"embeddable":true,"href":"https:\/\/originalseamoss.be\/fr\/wp-json\/wp\/v2\/comments?post=1061"}],"wp:featuredmedia":[{"embeddable":true,"href":"https:\/\/originalseamoss.be\/fr\/wp-json\/wp\/v2\/media\/518"}],"wp:attachment":[{"href":"https:\/\/originalseamoss.be\/fr\/wp-json\/wp\/v2\/media?parent=1061"}],"wp:term":[{"taxonomy":"product_brand","embeddable":true,"href":"https:\/\/originalseamoss.be\/fr\/wp-json\/wp\/v2\/product_brand?post=1061"},{"taxonomy":"product_cat","embeddable":true,"href":"https:\/\/originalseamoss.be\/fr\/wp-json\/wp\/v2\/product_cat?post=1061"},{"taxonomy":"product_tag","embeddable":true,"href":"https:\/\/originalseamoss.be\/fr\/wp-json\/wp\/v2\/product_tag?post=1061"}],"curies":[{"name":"wp","href":"https:\/\/api.w.org\/{rel}","templated":true}]}}