{"id":1085,"date":"2025-01-20T20:39:22","date_gmt":"2025-01-20T20:39:22","guid":{"rendered":"https:\/\/originalseamoss.be\/product\/getrocknetes-seemoos\/"},"modified":"2026-04-13T09:54:33","modified_gmt":"2026-04-13T09:54:33","slug":"getrocknetes-seemoos","status":"publish","type":"product","link":"https:\/\/originalseamoss.be\/de\/produkt\/getrocknetes-seemoos\/","title":{"rendered":"Getrocknetes Seemoos"},"content":{"rendered":"<p>[et_pb_section fb_built=&#8220;1&#8243; _builder_version=&#8220;4.27.4&#8243; _module_preset=&#8220;default&#8220; custom_padding=&#8220;4px||1px|||&#8220; global_colors_info=&#8220;{}&#8220;][et_pb_row use_custom_gutter=&#8220;on&#8220; gutter_width=&#8220;1&#8243; make_equal=&#8220;on&#8220; _builder_version=&#8220;4.27.4&#8243; background_size=&#8220;initial&#8220; background_position=&#8220;top_left&#8220; background_repeat=&#8220;repeat&#8220; width=&#8220;100%&#8220; max_width=&#8220;2560px&#8220; custom_margin=&#8220;0px||0px||false|false&#8220; custom_padding=&#8220;0px||0px||false|false&#8220; collapsed=&#8220;on&#8220; global_colors_info=&#8220;{}&#8220;][et_pb_column type=&#8220;4_4&#8243; _builder_version=&#8220;4.16&#8243; custom_padding=&#8220;|||&#8220; global_colors_info=&#8220;{}&#8220; custom_padding__hover=&#8220;|||&#8220;][et_pb_wc_cart_notice _builder_version=&#8220;4.27.4&#8243; title_text_color=&#8220;#A6C8D0&#8243; title_font_size=&#8220;16px&#8220; error_text_color=&#8220;#D56839&#8243; error_font_size=&#8220;16px&#8220; content_text_color=&#8220;#2C424E&#8220; content_font_size=&#8220;16px&#8220; background_color=&#8220;gcid-668a0f42-5d76-4299-ae64-f0954e3471fa&#8220; custom_button=&#8220;on&#8220; button_text_size=&#8220;14px&#8220; button_text_color=&#8220;#FFFFFF&#8220; button_bg_color=&#8220;#F0D7B8&#8243; button_border_width=&#8220;0px&#8220; button_border_radius=&#8220;0px&#8220; button_font=&#8220;|600||on|||||&#8220; button_custom_padding=&#8220;10px|25px|10px|25px|true|true&#8220; custom_margin=&#8220;0em|0em|0em|0em|false|false&#8220; global_colors_info=&#8220;{%22gcid-668a0f42-5d76-4299-ae64-f0954e3471fa%22:%91%22background_color%22%93}&#8220;][\/et_pb_wc_cart_notice][\/et_pb_column][\/et_pb_row][\/et_pb_section][et_pb_section fb_built=&#8220;1&#8243; fullwidth=&#8220;on&#8220; _builder_version=&#8220;4.23.1&#8243; _module_preset=&#8220;default&#8220; background_color=&#8220;rgba(166,200,208,0.28)&#8220; global_module=&#8220;347&#8243; global_colors_info=&#8220;{}&#8220;][et_pb_fullwidth_header title=&#8220;100% aus Wildsammlung&#8220; subhead=&#8220;goldenes Seemoos&#8220; text_orientation=&#8220;center&#8220; header_fullscreen=&#8220;on&#8220; _builder_version=&#8220;4.23.1&#8243; _module_preset=&#8220;default&#8220; title_font=&#8220;Now Regular|||on|||||&#8220; title_text_color=&#8220;#2C424E&#8220; title_font_size=&#8220;3em&#8220; content_font=&#8220;Now Regular||||||||&#8220; content_text_align=&#8220;center&#8220; content_text_color=&#8220;#2C424E&#8220; subhead_font=&#8220;Now Regular|||on|||||&#8220; subhead_text_align=&#8220;center&#8220; subhead_text_color=&#8220;#2C424E&#8220; subhead_font_size=&#8220;1em&#8220; background_enable_color=&#8220;off&#8220; background_image=&#8220;https:\/\/originalseamoss.be\/wp-content\/uploads\/2023\/11\/ORIGINAL-bewerkt.webp&#8220; background_size=&#8220;stretch&#8220; title_text_align_tablet=&#8220;center&#8220; title_text_align_phone=&#8220;center&#8220; title_text_align_last_edited=&#8220;on|phone&#8220; title_font_size_tablet=&#8220;3em&#8220; title_font_size_phone=&#8220;2.5em&#8220; title_font_size_last_edited=&#8220;on|desktop&#8220; content_font_size_tablet=&#8220;16px&#8220; content_font_size_phone=&#8220;16px&#8220; content_font_size_last_edited=&#8220;on|tablet&#8220; subhead_font_size_tablet=&#8220;2em&#8220; subhead_font_size_phone=&#8220;1.8em&#8220; subhead_font_size_last_edited=&#8220;on|phone&#8220; background_last_edited=&#8220;on|phone&#8220; background_size_phone=&#8220;cover&#8220; background_image_width_phone=&#8220;100%&#8220; background_image_height_phone=&#8220;69%&#8220; global_colors_info=&#8220;{}&#8220;]<\/p>\n<p>aus St. Lucia <\/p>\n<p>[\/et_pb_fullwidth_header][\/et_pb_section][et_pb_section fb_built=&#8220;1&#8243; custom_padding_last_edited=&#8220;on|phone&#8220; _builder_version=&#8220;4.27.4&#8243; _module_preset=&#8220;default&#8220; background_color=&#8220;rgba(240,215,184,0.28)&#8220; custom_margin=&#8220;||0px|||&#8220; custom_padding=&#8220;1px|||||&#8220; custom_padding_tablet=&#8220;1px|||||&#8220; custom_padding_phone=&#8220;0px||0px||false|false&#8220; global_module=&#8220;356&#8243; saved_tabs=&#8220;all&#8220; global_colors_info=&#8220;{}&#8220;][et_pb_row column_structure=&#8220;2_5,3_5&#8243; use_custom_gutter=&#8220;on&#8220; gutter_width=&#8220;1&#8243; _builder_version=&#8220;4.23.1&#8243; _module_preset=&#8220;default&#8220; custom_margin_tablet=&#8220;&#8220; custom_margin_phone=&#8220;0px||||false|false&#8220; custom_margin_last_edited=&#8220;on|phone&#8220; global_colors_info=&#8220;{}&#8220;][et_pb_column type=&#8220;2_5&#8243; _builder_version=&#8220;4.23.1&#8243; _module_preset=&#8220;default&#8220; global_colors_info=&#8220;{}&#8220;][et_pb_image src=&#8220;https:\/\/originalseamoss.be\/wp-content\/uploads\/2023\/11\/Seamoss-logo-witrand.png&#8220; title_text=&#8220;Seamoss Logo wei\u00dfer Rand&#8220; align=&#8220;center&#8220; align_tablet=&#8220;left&#8220; align_phone=&#8220;left&#8220; align_last_edited=&#8220;on|tablet&#8220; _builder_version=&#8220;4.23.1&#8243; _module_preset=&#8220;default&#8220; width=&#8220;50%&#8220; width_tablet=&#8220;25%&#8220; width_phone=&#8220;40%&#8220; width_last_edited=&#8220;on|tablet&#8220; custom_margin=&#8220;-130px|||103px|false|false&#8220; module_alignment_tablet=&#8220;left&#8220; module_alignment_phone=&#8220;left&#8220; module_alignment_last_edited=&#8220;on|tablet&#8220; global_colors_info=&#8220;{}&#8220;][\/et_pb_image][\/et_pb_column][et_pb_column type=&#8220;3_5&#8243; _builder_version=&#8220;4.23.1&#8243; _module_preset=&#8220;default&#8220; global_colors_info=&#8220;{}&#8220;][et_pb_text content_tablet=&#8220;<\/p>\n<h3>Das beste heilende Superfood der Welt<br \/><\/h3>\n<p>100% nat\u00fcrlich<\/p>\n<p>Unser hochwertiges Meermoos wird mit \u00e4u\u00dferster Sorgfalt aus St. Lucia importiert.   <br \/>Hier w\u00e4chst es in den unber\u00fchrten Gew\u00e4ssern der Karibik, und die Moose werden von \u00f6rtlichen Tiefseetauchern geerntet.&#8220; content_phone=&#8220;<\/p>\n<h3>Das beste heilende Superfood der Welt<br \/><\/h3>\n<p>100% nat\u00fcrlich<\/p>\n<p>Unser hochwertiges Meermoos wird mit \u00e4u\u00dferster Sorgfalt aus St. Lucia importiert.  Hier w\u00e4chst es in den unber\u00fchrten Gew\u00e4ssern der Karibik, und die Moose werden von \u00f6rtlichen Tiefseetauchern geerntet.&#8220; content_last_edited=&#8220;on|tablet&#8220; _builder_version=&#8220;4.27.4&#8243; _module_preset=&#8220;default&#8220; text_font=&#8220;Now Regular||||||||&#8220; header_3_font=&#8220;Now Black|||on|||||&#8220; header_3_text_color=&#8220;#A6C8D0&#8243; header_3_font_size=&#8220;2em&#8220; text_orientation=&#8220;right&#8220; custom_margin=&#8220;-40px||||false|false&#8220; custom_margin_tablet=&#8220;-40px||||false|false&#8220; custom_margin_phone=&#8220;0px||||false|false&#8220; custom_margin_last_edited=&#8220;on|phone&#8220; text_font_tablet=&#8220;Now Thin||||||||&#8220; text_font_phone=&#8220;Now Regular||||||||&#8220; text_font_last_edited=&#8220;on|phone&#8220; global_colors_info=&#8220;{}&#8220;]<\/p>\n<h3>Das beste heilende Superfood der Welt<br \/><\/h3>\n<p>100% nat\u00fcrlich<\/p>\n<p>Unser hochwertiges Seemoos wird mit gr\u00f6\u00dfter Sorgfalt aus St. Lucia importiert.<br \/>Hier w\u00e4chst es in den unber\u00fchrten Gew\u00e4ssern der Karibik, und die Moose werden von \u00f6rtlichen Tiefseetauchern geerntet. <\/p>\n<p>[\/et_pb_text][dipl_button _builder_version=&#8220;4.27.4&#8243; _module_preset=&#8220;default&#8220; button_font=&#8220;Now Regular|600||on|||||&#8220; button_text_color=&#8220;#FFFFFF&#8220; button_font_size=&#8220;14px&#8220; button_line_height=&#8220;1.4em&#8220; custom_margin=&#8220;30px||||false|false&#8220; global_colors_info=&#8220;{}&#8220; custom_padding__hover_enabled=&#8220;off|desktop&#8220;][dipl_button_item button_text=&#8220;ontdek de voordelen&#8220; button_url=&#8220;#voordelen&#8220; button_bg_color=&#8220;#F0D7B8&#8243; button_alignment=&#8220;right&#8220; button_use_icon=&#8220;on&#8220; button_custom_padding=&#8220;|20px||20px|false|true&#8220; _builder_version=&#8220;4.27.4&#8243; _module_preset=&#8220;default&#8220; button_font=&#8220;|600||||on|||&#8220; button_text_color=&#8220;#FFFFFF&#8220; global_colors_info=&#8220;{}&#8220;][\/dipl_button_item][\/dipl_button][\/et_pb_column][\/et_pb_row][\/et_pb_section][et_pb_section fb_built=&#8220;1&#8243; _builder_version=&#8220;4.27.4&#8243; custom_margin=&#8220;50px||||false|false&#8220; custom_padding=&#8220;0px||6px||false|false&#8220; global_colors_info=&#8220;{}&#8220;][et_pb_row column_structure=&#8220;1_2,1_2&#8243; _builder_version=&#8220;4.16&#8243; background_size=&#8220;initial&#8220; background_position=&#8220;top_left&#8220; background_repeat=&#8220;repeat&#8220; width=&#8220;100%&#8220; custom_padding=&#8220;0px||27px||false|false&#8220; collapsed=&#8220;on&#8220; global_colors_info=&#8220;{}&#8220;][et_pb_column type=&#8220;1_2&#8243; _builder_version=&#8220;4.16&#8243; custom_padding=&#8220;|||&#8220; global_colors_info=&#8220;{}&#8220; custom_padding__hover=&#8220;|||&#8220;][et_pb_wc_images _builder_version=&#8220;4.16&#8243; global_colors_info=&#8220;{}&#8220;][\/et_pb_wc_images][et_pb_wc_additional_info _builder_version=&#8220;4.27.4&#8243; _module_preset=&#8220;default&#8220; table_cell_background_color=&#8220;RGBA(255,255,255,0)&#8220; header_text_color=&#8220;#A6C8D0&#8243; attribute_text_color=&#8220;#A6C8D0&#8243; attribute_line_height=&#8220;1.3em&#8220; background_color=&#8220;RGBA(255,255,255,0)&#8220; border_color_all_table=&#8220;RGBA(255,255,255,0)&#8220; border_style_all_table=&#8220;solid&#8220; border_width_all_table_row=&#8220;0px&#8220; border_color_all_table_row=&#8220;gcid-668a0f42-5d76-4299-ae64-f0954e3471fa&#8220; border_color_bottom_table_row=&#8220;RGBA(255,255,255,0)&#8220; border_width_all_table_cell=&#8220;0px&#8220; border_color_all_table_cell=&#8220;gcid-668a0f42-5d76-4299-ae64-f0954e3471fa&#8220; border_width_bottom_table_cell=&#8220;1px&#8220; border_color_bottom_table_cell=&#8220;gcid-668a0f42-5d76-4299-ae64-f0954e3471fa&#8220; global_colors_info=&#8220;{%22gcid-668a0f42-5d76-4299-ae64-f0954e3471fa%22:%91%22border_color_all_table_row%22,%22border_color_all_table_cell%22,%22border_color_bottom_table_cell%22%93}&#8220;][\/et_pb_wc_additional_info][\/et_pb_column][et_pb_column type=&#8220;1_2&#8243; _builder_version=&#8220;4.16&#8243; custom_padding=&#8220;|||&#8220; global_colors_info=&#8220;{}&#8220; custom_padding__hover=&#8220;|||&#8220;][et_pb_wc_title _builder_version=&#8220;4.27.4&#8243; header_font=&#8220;|700||on|||||&#8220; header_text_color=&#8220;#A6C8D0&#8243; global_colors_info=&#8220;{}&#8220;][\/et_pb_wc_title][et_pb_wc_rating _builder_version=&#8220;4.27.4&#8243; rating_text_color=&#8220;#A6C8D0&#8243; body_text_color=&#8220;#2C424E&#8220; global_colors_info=&#8220;{}&#8220;][\/et_pb_wc_rating][et_pb_wc_price _builder_version=&#8220;4.27.4&#8243; body_font=&#8220;|700|||||||&#8220; body_text_color=&#8220;#A6C8D0&#8243; before_sale_price_text_color=&#8220;#A6C8D0&#8243; sale_price_text_color=&#8220;#2C424E&#8220; global_colors_info=&#8220;{}&#8220;][\/et_pb_wc_price][et_pb_wc_description _builder_version=&#8220;4.27.4&#8243; body_font=&#8220;|300|||||||&#8220; global_colors_info=&#8220;{}&#8220;][\/et_pb_wc_description][et_pb_text _builder_version=&#8220;4.27.4&#8243; _module_preset=&#8220;default&#8220; header_2_font=&#8220;||||||||&#8220; header_2_text_color=&#8220;#A6C8D0&#8243; custom_margin=&#8220;||16px|||&#8220; global_colors_info=&#8220;{}&#8220;]<\/p>\n<h2>Bestellung<\/h2>\n<p>[\/et_pb_text][et_pb_wc_description description_type=&#8220;description&#8220; _builder_version=&#8220;4.27.4&#8243; body_font=&#8220;|300|||||||&#8220; custom_margin=&#8220;||16px|||&#8220; global_colors_info=&#8220;{}&#8220;][\/et_pb_wc_description][et_pb_wc_add_to_cart show_stock=&#8220;off&#8220; field_label_position=&#8220;inline&#8220; _builder_version=&#8220;4.27.4&#8243; _module_preset=&#8220;default&#8220; fields_background_color=&#8220;RGBA(255,255,255,0)&#8220; fields_text_color=&#8220;#A6C8D0&#8243; fields_focus_background_color=&#8220;RGBA(255,255,255,0)&#8220; fields_focus_text_color=&#8220;#2C424E&#8220; fields_custom_margin=&#8220;0px||0px||true|false&#8220; fields_custom_padding=&#8220;0px||0px||true|false&#8220; dropdown_menus_text_color=&#8220;#2C424E&#8220; dropdown_menus_focus_background_color=&#8220;#2C424E&#8220; dropdown_menus_focus_text_color=&#8220;#2C424E&#8220; field_label_font=&#8220;Now Regular|100|||||||&#8220; field_label_text_color=&#8220;#2C424E&#8220; fields_font=&#8220;Now Regular||||||||&#8220; fields_font_size=&#8220;14px&#8220; fields_line_height=&#8220;0.7em&#8220; dropdown_menus_font=&#8220;-et_global_body_font||||||||&#8220; dropdown_menus_font_size=&#8220;16px&#8220; custom_button=&#8220;on&#8220; button_text_size=&#8220;14px&#8220; button_text_color=&#8220;#FFFFFF&#8220; button_bg_color=&#8220;#F0D7B8&#8243; button_border_width=&#8220;0px&#8220; button_border_radius=&#8220;0px&#8220; button_font=&#8220;|600||on|||||&#8220; button_custom_padding=&#8220;10px|25px|10px|25px|true|true&#8220; width=&#8220;100%&#8220; border_radii_fields=&#8220;on|0px|0px|0px|0px&#8220; border_width_all_fields=&#8220;1px&#8220; border_color_all_fields=&#8220;gcid-668a0f42-5d76-4299-ae64-f0954e3471fa&#8220; border_color_all_dropdown_menus=&#8220;#2C424E&#8220; border_width_all_dropdown_menus_focus=&#8220;1px&#8220; border_color_all_dropdown_menus_focus=&#8220;gcid-668a0f42-5d76-4299-ae64-f0954e3471fa&#8220; global_colors_info=&#8220;{%22gcid-668a0f42-5d76-4299-ae64-f0954e3471fa%22:%91%22border_color_all_dropdown_menus_focus%22,%22border_color_all_fields%22%93}&#8220;][\/et_pb_wc_add_to_cart][\/et_pb_column][\/et_pb_row][et_pb_row _builder_version=&#8220;4.27.4&#8243; _module_preset=&#8220;default&#8220; global_colors_info=&#8220;{}&#8220;][et_pb_column type=&#8220;4_4&#8243; _builder_version=&#8220;4.27.4&#8243; _module_preset=&#8220;default&#8220; global_colors_info=&#8220;{}&#8220;][et_pb_wc_reviews show_avatar=&#8220;off&#8220; _builder_version=&#8220;4.27.4&#8243; _module_preset=&#8220;default&#8220; form_field_background_color=&#8220;gcid-668a0f42-5d76-4299-ae64-f0954e3471fa&#8220; form_field_text_color=&#8220;#2C424E&#8220; form_field_focus_background_color=&#8220;#FFFFFF&#8220; form_field_focus_text_color=&#8220;#2C424E&#8220; header_font=&#8220;||||||||&#8220; header_text_color=&#8220;#A6C8D0&#8243; title_font=&#8220;||||||||&#8220; title_text_color=&#8220;#A6C8D0&#8243; rating_text_color=&#8220;#A6C8D0&#8243; form_field_font=&#8220;|300|||||||&#8220; form_field_font_size=&#8220;14px&#8220; custom_button=&#8220;on&#8220; button_text_size=&#8220;14px&#8220; button_text_color=&#8220;#FFFFFF&#8220; button_bg_color=&#8220;#F0D7B8&#8243; button_border_width=&#8220;0px&#8220; button_border_radius=&#8220;0px&#8220; button_letter_spacing=&#8220;0px&#8220; button_font=&#8220;|600||on|||||&#8220; button_icon_color=&#8220;#FFFFFF&#8220; button_alignment=&#8220;right&#8220; button_custom_padding=&#8220;10px|25px|10px|25px|true|true&#8220; global_colors_info=&#8220;{%22gcid-668a0f42-5d76-4299-ae64-f0954e3471fa%22:%91%22form_field_background_color%22%93}&#8220;][\/et_pb_wc_reviews][\/et_pb_column][\/et_pb_row][\/et_pb_section][et_pb_section fb_built=&#8220;1&#8243; _builder_version=&#8220;4.23.1&#8243; _module_preset=&#8220;default&#8220; background_color=&#8220;rgba(166,200,208,0.19)&#8220; custom_padding=&#8220;34px||6px|||&#8220; global_colors_info=&#8220;{}&#8220;][et_pb_row column_structure=&#8220;1_4,3_4&#8243; use_custom_gutter=&#8220;on&#8220; gutter_width=&#8220;1&#8243; _builder_version=&#8220;4.23.1&#8243; _module_preset=&#8220;default&#8220; global_colors_info=&#8220;{}&#8220;][et_pb_column type=&#8220;1_4&#8243; _builder_version=&#8220;4.23.1&#8243; _module_preset=&#8220;default&#8220; global_colors_info=&#8220;{}&#8220;][et_pb_text content_tablet=&#8220;<\/p>\n<h3>einige Vorteile von Seemoos<\/h3>\n<p>&#8220; content_phone=&#8220;<\/p>\n<h3>einige<br \/>Vorteile<br \/>von Meermoos<\/h3>\n<p>&#8220; content_last_edited=&#8220;on|phone&#8220; _builder_version=&#8220;4.23.1&#8243; _module_preset=&#8220;default&#8220; header_3_font=&#8220;Now Black|||on|||||&#8220; header_3_text_align=&#8220;right&#8220; header_3_text_color=&#8220;rgba(166,200,208,0.82)&#8220; header_3_font_size=&#8220;1.5em&#8220; custom_padding_tablet=&#8220;||30px||false|false&#8220; custom_padding_phone=&#8220;||30px||false|false&#8220; custom_padding_last_edited=&#8220;on|tablet&#8220; header_3_text_align_tablet=&#8220;left&#8220; header_3_text_align_phone=&#8220;left&#8220; header_3_text_align_last_edited=&#8220;on|tablet&#8220; global_colors_info=&#8220;{}&#8220;]<\/p>\n<h3>einige Vorteile von Seemoos<\/h3>\n<p>[\/et_pb_text][\/et_pb_column][et_pb_column type=&#8220;3_4&#8243; _builder_version=&#8220;4.23.1&#8243; _module_preset=&#8220;default&#8220; global_colors_info=&#8220;{}&#8220;][et_pb_blurb image=&#8220;https:\/\/originalseamoss.be\/wp-content\/uploads\/2023\/11\/Ico-148-x-210-mm_0000_Laag-4.webp&#8220; icon_placement=&#8220;left&#8220; content_tablet=&#8220;<\/p>\n<p>Meeresmoos enth\u00e4lt Alginat, das sich an Fettzellen bindet und auf nat\u00fcrliche Weise abnimmt. Giftstoffe und schlechte Bakterien werden aus dem Darm entfernt, wodurch die Verdauung optimiert wird. Die Ballaststoffe sorgen f\u00fcr eine gesunde Darmflora und vermitteln ein S\u00e4ttigungsgef\u00fchl.  <\/p>\n<p>&#8220; content_phone=&#8220;<\/p>\n<p>Meeresmoos enth\u00e4lt Alginat, das sich an Fettzellen bindet und auf nat\u00fcrliche Weise abnimmt. Giftstoffe und schlechte Bakterien werden aus dem Darm entfernt, wodurch die Verdauung optimiert wird. Die Ballaststoffe sorgen f\u00fcr eine gesunde Darmflora und vermitteln ein S\u00e4ttigungsgef\u00fchl.  <\/p>\n<p>&#8220; content_last_edited=&#8220;on|phone&#8220; _builder_version=&#8220;4.23.1&#8243; _module_preset=&#8220;default&#8220; body_font=&#8220;Now Thin||||||||&#8220; custom_margin=&#8220;||20px||false|false&#8220; body_font_tablet=&#8220;Now Thin||||||||&#8220; body_font_phone=&#8220;Now Regular||||||||&#8220; body_font_last_edited=&#8220;on|phone&#8220; global_colors_info=&#8220;{}&#8220;]<\/p>\n<p>Meeresmoos enth\u00e4lt Alginat, das sich an Fettzellen bindet und auf nat\u00fcrliche Weise abnimmt. Giftstoffe und schlechte Bakterien werden aus dem Darm entfernt, wodurch die Verdauung optimiert wird. Die Ballaststoffe sorgen f\u00fcr eine gesunde Darmflora und vermitteln ein S\u00e4ttigungsgef\u00fchl.  <\/p>\n<p>[\/et_pb_blurb][et_pb_blurb image=&#8220;https:\/\/originalseamoss.be\/wp-content\/uploads\/2023\/11\/Ico-148-x-210-mm_0003_Laag-1.webp&#8220; icon_placement=&#8220;left&#8220; _builder_version=&#8220;4.23.1&#8243; _module_preset=&#8220;default&#8220; body_font=&#8220;Now Thin||||||||&#8220; custom_margin=&#8220;||20px||false|false&#8220; body_font_tablet=&#8220;Now Thin||||||||&#8220; body_font_phone=&#8220;Now Regular||||||||&#8220; body_font_last_edited=&#8220;on|phone&#8220; global_colors_info=&#8220;{}&#8220;]<\/p>\n<p>Seemoos ist wegen seiner vielen Vitamine heilend f\u00fcr die Haut. Aufgrund seiner entz\u00fcndungshemmenden Eigenschaften hilft es bei Ekzemen, Schuppenflechte und Akne. <\/p>\n<p>[\/et_pb_blurb][et_pb_blurb image=&#8220;https:\/\/originalseamoss.be\/wp-content\/uploads\/2023\/11\/Ico-148-x-210-mm_0001_Laag-3.webp&#8220; icon_placement=&#8220;left&#8220; _builder_version=&#8220;4.23.1&#8243; _module_preset=&#8220;default&#8220; body_font=&#8220;Now Thin||||||||&#8220; custom_margin=&#8220;||20px||false|false&#8220; body_font_tablet=&#8220;Now Thin||||||||&#8220; body_font_phone=&#8220;Now Regular||||||||&#8220; body_font_last_edited=&#8220;on|phone&#8220; global_colors_info=&#8220;{}&#8220;]<\/p>\n<p>Seemoos st\u00e4rkt Ihre Immunit\u00e4t und liefert zus\u00e4tzliche Energie, da es reich an Aminos\u00e4uren, Vitamin C, Vitamin A, Omega-3-Fetts\u00e4uren, Antioxidantien und Mineralien ist.<br \/>Es enth\u00e4lt 92 der 102 Mineralien, die unser K\u00f6rper braucht, wie Zink, Jod, Eisen, Kalzium, Magnesium und mehr!<\/p>\n<p>[\/et_pb_blurb][et_pb_blurb image=&#8220;https:\/\/originalseamoss.be\/wp-content\/uploads\/2023\/11\/Ico-148-x-210-mm_0002_Laag-2.webp&#8220; icon_placement=&#8220;left&#8220; _builder_version=&#8220;4.23.1&#8243; _module_preset=&#8220;default&#8220; body_font=&#8220;Now Thin||||||||&#8220; custom_margin=&#8220;||20px||false|false&#8220; body_font_tablet=&#8220;Now Thin||||||||&#8220; body_font_phone=&#8220;Now Regular||||||||&#8220; body_font_last_edited=&#8220;on|phone&#8220; global_colors_info=&#8220;{}&#8220;]Seemoos ist eine Proteinquelle, die f\u00fcr den Muskelaufbau unerl\u00e4sslich ist. Seine entz\u00fcndungshemmenden Eigenschaften sorgen f\u00fcr eine schnelle Erholung nach dem Training.[\/et_pb_blurb][\/et_pb_column][\/et_pb_row][et_pb_row column_structure=&#8220;3_5,2_5&#8243; disabled_on=&#8220;on|on|on&#8220; module_class=&#8220;two-columns&#8220; _builder_version=&#8220;4.23.1&#8243; _module_preset=&#8220;default&#8220; custom_css_free_form=&#8220;Display: flex;&#8220; disabled=&#8220;on&#8220; global_colors_info=&#8220;{}&#8220;][et_pb_column type=&#8220;3_5&#8243; _builder_version=&#8220;4.23.1&#8243; _module_preset=&#8220;default&#8220; global_colors_info=&#8220;{}&#8220;][et_pb_text _builder_version=&#8220;4.23.1&#8243; _module_preset=&#8220;default&#8220; text_font=&#8220;Now Thin||||||||&#8220; header_3_font=&#8220;Now Black|||on|||||&#8220; header_3_text_color=&#8220;#A6C8D0&#8243; header_3_font_size=&#8220;2em&#8220; custom_margin=&#8220;-40px||||false|false&#8220; header_3_font_size_tablet=&#8220;2em&#8220; header_3_font_size_phone=&#8220;1.5em&#8220; header_3_font_size_last_edited=&#8220;on|phone&#8220; global_colors_info=&#8220;{}&#8220;]<\/p>\n<h3>Werkst\u00e4tten<\/h3>\n<p>In den Workshops erfahren Sie mehr \u00fcber die wohltuenden Eigenschaften von Seemoos. Gemeinsam stellen wir ein Seemoos-Gel, eine Haarmaske und Seemoos-Gummib\u00e4rchen her.<br \/>Sie k\u00f6nnen Ihre Kreationen mit nach Hause nehmen.<br \/>Die Workshops finden in Gentbrugge statt. Ein anderer Ort ist auf Anfrage m\u00f6glich.<br \/>Die Workshops beinhalten ein Sea Moss-Getr\u00e4nk und einen Kuchen.  <\/p>\n<p>[\/et_pb_text][et_pb_text _builder_version=&#8220;4.23.1&#8243; _module_preset=&#8220;default&#8220; header_4_font=&#8220;Now Regular|||on|||||&#8220; header_4_text_color=&#8220;#A6C8D0&#8243; global_colors_info=&#8220;{}&#8220;]<\/p>\n<h4>Preis : 50\u20ac<\/h4>\n<p>[\/et_pb_text][\/et_pb_column][et_pb_column type=&#8220;2_5&#8243; disabled_on=&#8220;off|on|on&#8220; _builder_version=&#8220;4.23.1&#8243; _module_preset=&#8220;default&#8220; global_colors_info=&#8220;{}&#8220;][dipl_image_mask mask_image=&#8220;https:\/\/originalseamoss.be\/wp-content\/uploads\/2023\/11\/OriginalSeaMossBasisGel.webp&#8220; mask_type=&#8220;circle&#8220; disabled_on=&#8220;off|on|on&#8220; _builder_version=&#8220;4.23.1&#8243; _module_preset=&#8220;default&#8220; global_colors_info=&#8220;{}&#8220;][\/dipl_image_mask][\/et_pb_column][\/et_pb_row][\/et_pb_section]<\/p>\n","protected":false},"excerpt":{"rendered":"<p>Mit dem kostenlosen Rezeptheft k\u00f6nnen Sie im Handumdrehen Ihr eigenes Meeresmoos-Gel herstellen! Finden Sie heraus, wie Sie ganz einfach eine n\u00e4hrende Gesichtscreme, eine pflegende Haarmaske oder leckere Schokokekse mit Sea Moss herstellen k\u00f6nnen. <\/p>\n<p>Ein gesundes und originelles Geschenk oder ein lustiges Projekt f\u00fcr Kinder!<\/p>\n<p>Sie erhalten das Rezeptheft kostenlos per E-Mail nach Ihrer Bestellung.<\/p>\n","protected":false},"featured_media":0,"comment_status":"open","ping_status":"closed","template":"","meta":{"_et_pb_use_builder":"on","_et_pb_old_content":"<h3>Lieferung & Versand<\/h3>\n\nLieferung an eine Abholstelle innerhalb von 5 Arbeitstagen. Sie erhalten dazu eine SMS von Bpost. \n\n<h4>Kosten f\u00fcr den Versand  <\/h4>\n<ul>\n<li>Belgien: 6,50 \u20ac*<\/li>\n<li>Niederlande & Frankreich: <br>\u20ac 12,50<\/li>\n<li>Deutschland & Luxemburg: \u20ac 17,50<\/li>\n<\/ul>\n\n*Gratislieferung bei Bestellungen; 40 \u20ac (Belgien)","_et_gb_content_width":""},"product_brand":[27],"product_cat":[51],"product_tag":[],"class_list":{"0":"post-1085","1":"product","2":"type-product","3":"status-publish","5":"product_brand-original-sea-moss","6":"product_cat-seemoos","8":"first","9":"instock","10":"taxable","11":"shipping-taxable","12":"product-type-grouped"},"_links":{"self":[{"href":"https:\/\/originalseamoss.be\/de\/wp-json\/wp\/v2\/product\/1085","targetHints":{"allow":["GET"]}}],"collection":[{"href":"https:\/\/originalseamoss.be\/de\/wp-json\/wp\/v2\/product"}],"about":[{"href":"https:\/\/originalseamoss.be\/de\/wp-json\/wp\/v2\/types\/product"}],"replies":[{"embeddable":true,"href":"https:\/\/originalseamoss.be\/de\/wp-json\/wp\/v2\/comments?post=1085"}],"wp:attachment":[{"href":"https:\/\/originalseamoss.be\/de\/wp-json\/wp\/v2\/media?parent=1085"}],"wp:term":[{"taxonomy":"product_brand","embeddable":true,"href":"https:\/\/originalseamoss.be\/de\/wp-json\/wp\/v2\/product_brand?post=1085"},{"taxonomy":"product_cat","embeddable":true,"href":"https:\/\/originalseamoss.be\/de\/wp-json\/wp\/v2\/product_cat?post=1085"},{"taxonomy":"product_tag","embeddable":true,"href":"https:\/\/originalseamoss.be\/de\/wp-json\/wp\/v2\/product_tag?post=1085"}],"curies":[{"name":"wp","href":"https:\/\/api.w.org\/{rel}","templated":true}]}}