{"id":1060,"date":"2025-01-20T20:32:19","date_gmt":"2025-01-20T20:32:19","guid":{"rendered":"https:\/\/originalseamoss.be\/product\/getrocknetes-meermoos-100-gr\/"},"modified":"2025-03-05T21:32:55","modified_gmt":"2025-03-05T21:32:55","slug":"getrocknetes-meermoos-100-gr","status":"publish","type":"product","link":"https:\/\/originalseamoss.be\/de\/produkt\/getrocknetes-meermoos-100-gr\/","title":{"rendered":"Getrocknetes Meermoos - 100 gr"},"content":{"rendered":"<p>[et_pb_section fb_built=&#8220;1&#8243; _builder_version=&#8220;4.16&#8243; custom_padding=&#8220;0px||||false|false&#8220; global_colors_info=&#8220;{}&#8220;][et_pb_row _builder_version=&#8220;4.16&#8243; background_size=&#8220;initial&#8220; background_position=&#8220;top_left&#8220; background_repeat=&#8220;repeat&#8220; width=&#8220;100%&#8220; custom_padding=&#8220;0px||0px||false|false&#8220; global_colors_info=&#8220;{}&#8220;][et_pb_column type=&#8220;4_4&#8243; _builder_version=&#8220;4.16&#8243; custom_padding=&#8220;|||&#8220; global_colors_info=&#8220;{}&#8220; custom_padding__hover=&#8220;|||&#8220;][et_pb_wc_cart_notice _builder_version=&#8220;4.27.4&#8243; title_text_color=&#8220;gcid-668a0f42-5d76-4299-ae64-f0954e3471fa&#8220; title_font_size=&#8220;16px&#8220; error_text_color=&#8220;#D56839&#8243; error_font_size=&#8220;16px&#8220; content_text_color=&#8220;#2C424E&#8220; content_font_size=&#8220;16px&#8220; background_color=&#8220;#eff5f6&#8243; custom_button=&#8220;on&#8220; button_text_size=&#8220;14px&#8220; button_text_color=&#8220;#FFFFFF&#8220; button_bg_color=&#8220;#F0D7B8&#8243; button_border_width=&#8220;0px&#8220; button_border_radius=&#8220;0px&#8220; button_font=&#8220;|600||on|||||&#8220; button_custom_padding=&#8220;10px|25px|10px|25px|true|true&#8220; global_colors_info=&#8220;{%22gcid-668a0f42-5d76-4299-ae64-f0954e3471fa%22:%91%22title_text_color%22%93}&#8220;][\/et_pb_wc_cart_notice][\/et_pb_column][\/et_pb_row][et_pb_row column_structure=&#8220;1_2,1_2&#8243; _builder_version=&#8220;4.16&#8243; background_size=&#8220;initial&#8220; background_position=&#8220;top_left&#8220; background_repeat=&#8220;repeat&#8220; width=&#8220;100%&#8220; custom_padding=&#8220;0px||27px||false|false&#8220; global_colors_info=&#8220;{}&#8220;][et_pb_column type=&#8220;1_2&#8243; _builder_version=&#8220;4.16&#8243; custom_padding=&#8220;|||&#8220; global_colors_info=&#8220;{}&#8220; custom_padding__hover=&#8220;|||&#8220;][et_pb_wc_images _builder_version=&#8220;4.16&#8243; global_colors_info=&#8220;{}&#8220;][\/et_pb_wc_images][et_pb_wc_reviews show_avatar=&#8220;off&#8220; _builder_version=&#8220;4.27.4&#8243; _module_preset=&#8220;default&#8220; form_field_background_color=&#8220;gcid-668a0f42-5d76-4299-ae64-f0954e3471fa&#8220; form_field_text_color=&#8220;#2C424E&#8220; form_field_focus_background_color=&#8220;#FFFFFF&#8220; form_field_focus_text_color=&#8220;#2C424E&#8220; header_font=&#8220;||||||||&#8220; header_text_color=&#8220;#A6C8D0&#8243; title_font=&#8220;||||||||&#8220; title_text_color=&#8220;#A6C8D0&#8243; rating_text_color=&#8220;#A6C8D0&#8243; form_field_font=&#8220;|300|||||||&#8220; form_field_font_size=&#8220;14px&#8220; custom_button=&#8220;on&#8220; button_text_size=&#8220;14px&#8220; button_text_color=&#8220;#FFFFFF&#8220; button_bg_color=&#8220;#F0D7B8&#8243; button_border_width=&#8220;0px&#8220; button_border_radius=&#8220;0px&#8220; button_letter_spacing=&#8220;0px&#8220; button_font=&#8220;|600||on|||||&#8220; button_icon_color=&#8220;#FFFFFF&#8220; button_alignment=&#8220;right&#8220; button_custom_padding=&#8220;10px|25px|10px|25px|true|true&#8220; global_colors_info=&#8220;{%22gcid-668a0f42-5d76-4299-ae64-f0954e3471fa%22:%91%22form_field_background_color%22%93}&#8220;][\/et_pb_wc_reviews][\/et_pb_column][et_pb_column type=&#8220;1_2&#8243; _builder_version=&#8220;4.16&#8243; custom_padding=&#8220;|||&#8220; global_colors_info=&#8220;{}&#8220; custom_padding__hover=&#8220;|||&#8220;][et_pb_wc_title _builder_version=&#8220;4.27.4&#8243; header_font=&#8220;|700||on|||||&#8220; header_text_color=&#8220;#A6C8D0&#8243; global_colors_info=&#8220;{}&#8220;][\/et_pb_wc_title][et_pb_wc_rating _builder_version=&#8220;4.27.4&#8243; rating_text_color=&#8220;#A6C8D0&#8243; body_text_color=&#8220;#2C424E&#8220; global_colors_info=&#8220;{}&#8220;][\/et_pb_wc_rating][et_pb_wc_price _builder_version=&#8220;4.27.4&#8243; body_font=&#8220;|700|||||||&#8220; body_text_color=&#8220;#A6C8D0&#8243; before_sale_price_text_color=&#8220;#A6C8D0&#8243; sale_price_text_color=&#8220;#2C424E&#8220; global_colors_info=&#8220;{}&#8220;][\/et_pb_wc_price][et_pb_wc_description _builder_version=&#8220;4.27.4&#8243; body_font=&#8220;|300|||||||&#8220; global_colors_info=&#8220;{}&#8220;][\/et_pb_wc_description][et_pb_wc_description description_type=&#8220;description&#8220; _builder_version=&#8220;4.27.4&#8243; body_font=&#8220;|300|||||||&#8220; global_colors_info=&#8220;{}&#8220;][\/et_pb_wc_description][et_pb_wc_additional_info _builder_version=&#8220;4.27.4&#8243; _module_preset=&#8220;default&#8220; table_cell_background_color=&#8220;RGBA(255,255,255,0)&#8220; header_text_color=&#8220;#A6C8D0&#8243; attribute_text_color=&#8220;#A6C8D0&#8243; background_color=&#8220;RGBA(255,255,255,0)&#8220; border_color_all_table=&#8220;RGBA(255,255,255,0)&#8220; border_style_all_table=&#8220;solid&#8220; border_width_all_table_row=&#8220;0px&#8220; border_color_all_table_row=&#8220;gcid-668a0f42-5d76-4299-ae64-f0954e3471fa&#8220; border_color_bottom_table_row=&#8220;RGBA(255,255,255,0)&#8220; border_width_all_table_cell=&#8220;0px&#8220; border_color_all_table_cell=&#8220;gcid-668a0f42-5d76-4299-ae64-f0954e3471fa&#8220; border_width_bottom_table_cell=&#8220;1px&#8220; border_color_bottom_table_cell=&#8220;gcid-668a0f42-5d76-4299-ae64-f0954e3471fa&#8220; global_colors_info=&#8220;{%22gcid-668a0f42-5d76-4299-ae64-f0954e3471fa%22:%91%22border_color_all_table_row%22,%22border_color_all_table_cell%22,%22border_color_bottom_table_cell%22%93}&#8220;][\/et_pb_wc_additional_info][et_pb_wc_add_to_cart show_stock=&#8220;off&#8220; field_label_position=&#8220;inline&#8220; _builder_version=&#8220;4.27.4&#8243; _module_preset=&#8220;default&#8220; fields_background_color=&#8220;RGBA(255,255,255,0)&#8220; fields_text_color=&#8220;#A6C8D0&#8243; fields_focus_background_color=&#8220;RGBA(255,255,255,0)&#8220; fields_focus_text_color=&#8220;#A6C8D0&#8243; dropdown_menus_text_color=&#8220;#2C424E&#8220; dropdown_menus_focus_background_color=&#8220;#2C424E&#8220; dropdown_menus_focus_text_color=&#8220;#2C424E&#8220; field_label_font=&#8220;-et_global_body_font|300|||||||&#8220; field_label_text_color=&#8220;#2C424E&#8220; fields_line_height=&#8220;1.1em&#8220; dropdown_menus_font_size=&#8220;16px&#8220; custom_button=&#8220;on&#8220; button_text_size=&#8220;14px&#8220; button_text_color=&#8220;#FFFFFF&#8220; button_bg_color=&#8220;#F0D7B8&#8243; button_border_width=&#8220;0px&#8220; button_border_radius=&#8220;0px&#8220; button_font=&#8220;|600||on|||||&#8220; button_custom_padding=&#8220;10px|25px|10px|25px|true|true&#8220; border_radii_fields=&#8220;on|0px|0px|0px|0px&#8220; border_width_all_fields=&#8220;1px&#8220; border_color_all_fields=&#8220;gcid-668a0f42-5d76-4299-ae64-f0954e3471fa&#8220; border_color_all_dropdown_menus=&#8220;#2C424E&#8220; border_width_all_dropdown_menus_focus=&#8220;1px&#8220; border_color_all_dropdown_menus_focus=&#8220;gcid-668a0f42-5d76-4299-ae64-f0954e3471fa&#8220; global_colors_info=&#8220;{%22gcid-668a0f42-5d76-4299-ae64-f0954e3471fa%22:%91%22border_color_all_dropdown_menus_focus%22,%22border_color_all_fields%22%93}&#8220;][\/et_pb_wc_add_to_cart][\/et_pb_column][\/et_pb_row][\/et_pb_section]<\/p>\n","protected":false},"excerpt":{"rendered":"<p>Unser hochwertiges Meermoos wird mit gr\u00f6\u00dfter Sorgfalt aus St. Lucia importiert.<br \/>\nHier w\u00e4chst es in den unber\u00fchrten Gew\u00e4ssern der Karibik und die Moose werden von lokalen Tiefseetauchern geerntet. <\/p>\n<p>Ein 100% nat\u00fcrliches Produkt.<\/p>\n<p>Mit dem kostenlosen Rezeptheft, das Sie nach dem Kauf kostenlos herunterladen k\u00f6nnen, k\u00f6nnen Sie Ihre Gesichtscreme oder Haarmaske im Handumdrehen herstellen. Macht auch Spa\u00df, gemeinsam mit Kindern zu machen. <\/p>\n","protected":false},"featured_media":519,"comment_status":"open","ping_status":"closed","template":"","meta":{"_et_pb_use_builder":"on","_et_pb_old_content":"<strong>Versand:<\/strong>\nLieferung an eine Abholstelle in Ihrer N\u00e4he innerhalb von 5 Tagen nach Bestellung. Kostenloser Versand in Belgien bei einem Bestellwert von \u00fcber 40 Euro. \n","_et_gb_content_width":""},"product_brand":[27],"product_cat":[51],"product_tag":[],"class_list":{"0":"post-1060","1":"product","2":"type-product","3":"status-publish","4":"has-post-thumbnail","6":"product_brand-original-sea-moss","7":"product_cat-seemoos","8":"product_shipping_class-100-gr-de","10":"first","11":"instock","12":"taxable","13":"shipping-taxable","14":"purchasable","15":"product-type-simple"},"_links":{"self":[{"href":"https:\/\/originalseamoss.be\/de\/wp-json\/wp\/v2\/product\/1060","targetHints":{"allow":["GET"]}}],"collection":[{"href":"https:\/\/originalseamoss.be\/de\/wp-json\/wp\/v2\/product"}],"about":[{"href":"https:\/\/originalseamoss.be\/de\/wp-json\/wp\/v2\/types\/product"}],"replies":[{"embeddable":true,"href":"https:\/\/originalseamoss.be\/de\/wp-json\/wp\/v2\/comments?post=1060"}],"wp:featuredmedia":[{"embeddable":true,"href":"https:\/\/originalseamoss.be\/de\/wp-json\/wp\/v2\/media\/519"}],"wp:attachment":[{"href":"https:\/\/originalseamoss.be\/de\/wp-json\/wp\/v2\/media?parent=1060"}],"wp:term":[{"taxonomy":"product_brand","embeddable":true,"href":"https:\/\/originalseamoss.be\/de\/wp-json\/wp\/v2\/product_brand?post=1060"},{"taxonomy":"product_cat","embeddable":true,"href":"https:\/\/originalseamoss.be\/de\/wp-json\/wp\/v2\/product_cat?post=1060"},{"taxonomy":"product_tag","embeddable":true,"href":"https:\/\/originalseamoss.be\/de\/wp-json\/wp\/v2\/product_tag?post=1060"}],"curies":[{"name":"wp","href":"https:\/\/api.w.org\/{rel}","templated":true}]}}